{"id":601,"date":"2023-12-15T19:23:10","date_gmt":"2023-12-15T19:23:10","guid":{"rendered":"https:\/\/www.jlcaberofotografia.com\/?page_id=601"},"modified":"2024-11-10T08:43:04","modified_gmt":"2024-11-10T08:43:04","slug":"jlcabero-fotografia","status":"publish","type":"page","link":"https:\/\/www.jlcaberofotografia.com\/","title":{"rendered":"JLCabero Fotograf\u00eda"},"content":{"rendered":"\t\t<div data-elementor-type=\"wp-page\" data-elementor-id=\"601\" class=\"elementor elementor-601\" data-elementor-post-type=\"page\">\n\t\t\t\t\t\t<section class=\"elementor-section elementor-top-section elementor-element elementor-element-1ba2f6d elementor-section-full_width elementor-section-height-default elementor-section-height-default\" data-id=\"1ba2f6d\" data-element_type=\"section\">\n\t\t\t\t\t\t<div class=\"elementor-container elementor-column-gap-default\">\n\t\t\t\t\t<div class=\"elementor-column elementor-col-100 elementor-top-column elementor-element elementor-element-f2e46c8\" data-id=\"f2e46c8\" data-element_type=\"column\">\n\t\t\t<div class=\"elementor-widget-wrap elementor-element-populated\">\n\t\t\t\t\t\t<section class=\"elementor-section elementor-inner-section elementor-element elementor-element-53c11fb elementor-section-boxed elementor-section-height-default elementor-section-height-default\" data-id=\"53c11fb\" data-element_type=\"section\">\n\t\t\t\t\t\t<div class=\"elementor-container elementor-column-gap-default\">\n\t\t\t\t\t<div class=\"elementor-column elementor-col-33 elementor-inner-column elementor-element elementor-element-54cdf68\" data-id=\"54cdf68\" data-element_type=\"column\">\n\t\t\t<div class=\"elementor-widget-wrap elementor-element-populated\">\n\t\t\t\t\t\t<div class=\"elementor-element elementor-element-3774bb5 elementor-widget__width-initial elementor-widget elementor-widget-image\" data-id=\"3774bb5\" data-element_type=\"widget\" data-widget_type=\"image.default\">\n\t\t\t\t<div class=\"elementor-widget-container\">\n\t\t\t\t\t\t\t\t\t\t<figure class=\"wp-caption\">\n\t\t\t\t\t\t\t\t\t\t<img fetchpriority=\"high\" decoding=\"async\" width=\"1500\" height=\"1500\" src=\"https:\/\/www.jlcaberofotografia.com\/wp-content\/uploads\/2021\/12\/DSF1089pr_web-2.jpg\" class=\"attachment-full size-full wp-image-33\" alt=\"\" srcset=\"https:\/\/www.jlcaberofotografia.com\/wp-content\/uploads\/2021\/12\/DSF1089pr_web-2.jpg 1500w, https:\/\/www.jlcaberofotografia.com\/wp-content\/uploads\/2021\/12\/DSF1089pr_web-2-300x300.jpg 300w, https:\/\/www.jlcaberofotografia.com\/wp-content\/uploads\/2021\/12\/DSF1089pr_web-2-1024x1024.jpg 1024w, https:\/\/www.jlcaberofotografia.com\/wp-content\/uploads\/2021\/12\/DSF1089pr_web-2-150x150.jpg 150w, https:\/\/www.jlcaberofotografia.com\/wp-content\/uploads\/2021\/12\/DSF1089pr_web-2-768x768.jpg 768w, https:\/\/www.jlcaberofotografia.com\/wp-content\/uploads\/2021\/12\/DSF1089pr_web-2-900x900.jpg 900w, https:\/\/www.jlcaberofotografia.com\/wp-content\/uploads\/2021\/12\/DSF1089pr_web-2-500x500.jpg 500w\" sizes=\"(max-width: 1500px) 100vw, 1500px\" \/>\t\t\t\t\t\t\t\t\t\t\t<figcaption class=\"widget-image-caption wp-caption-text\">EMAD Madrid<\/figcaption>\n\t\t\t\t\t\t\t\t\t\t<\/figure>\n\t\t\t\t\t\t\t<\/div>\n\t\t\t\t<\/div>\n\t\t\t\t\t<\/div>\n\t\t<\/div>\n\t\t\t\t<div class=\"elementor-column elementor-col-33 elementor-inner-column elementor-element elementor-element-dec7d52\" data-id=\"dec7d52\" data-element_type=\"column\">\n\t\t\t<div class=\"elementor-widget-wrap elementor-element-populated\">\n\t\t\t\t\t\t<div class=\"elementor-element elementor-element-94d3672 elementor-widget__width-initial elementor-widget elementor-widget-image\" data-id=\"94d3672\" data-element_type=\"widget\" data-widget_type=\"image.default\">\n\t\t\t\t<div class=\"elementor-widget-container\">\n\t\t\t\t\t\t\t\t\t\t<figure class=\"wp-caption\">\n\t\t\t\t\t\t\t\t\t\t<img decoding=\"async\" width=\"1000\" height=\"562\" src=\"https:\/\/www.jlcaberofotografia.com\/wp-content\/uploads\/2021\/12\/cropped-DSF0027pr-1.jpg\" class=\"attachment-full size-full wp-image-555\" alt=\"\" srcset=\"https:\/\/www.jlcaberofotografia.com\/wp-content\/uploads\/2021\/12\/cropped-DSF0027pr-1.jpg 1000w, https:\/\/www.jlcaberofotografia.com\/wp-content\/uploads\/2021\/12\/cropped-DSF0027pr-1-300x169.jpg 300w, https:\/\/www.jlcaberofotografia.com\/wp-content\/uploads\/2021\/12\/cropped-DSF0027pr-1-768x432.jpg 768w\" sizes=\"(max-width: 1000px) 100vw, 1000px\" \/>\t\t\t\t\t\t\t\t\t\t\t<figcaption class=\"widget-image-caption wp-caption-text\">Cuento historias que importan, historias que deben ser contadas. Quiz\u00e1s sea tu historia la pr\u00f3cima que voy a contar. Ninguna historia es peque\u00f1a.<\/figcaption>\n\t\t\t\t\t\t\t\t\t\t<\/figure>\n\t\t\t\t\t\t\t<\/div>\n\t\t\t\t<\/div>\n\t\t\t\t\t<\/div>\n\t\t<\/div>\n\t\t\t\t<div class=\"elementor-column elementor-col-33 elementor-inner-column elementor-element elementor-element-b6de708\" data-id=\"b6de708\" data-element_type=\"column\">\n\t\t\t<div class=\"elementor-widget-wrap elementor-element-populated\">\n\t\t\t\t\t\t<div class=\"elementor-element elementor-element-65282eb elementor-widget elementor-widget-image\" data-id=\"65282eb\" data-element_type=\"widget\" data-widget_type=\"image.default\">\n\t\t\t\t<div class=\"elementor-widget-container\">\n\t\t\t\t\t\t\t\t\t\t<figure class=\"wp-caption\">\n\t\t\t\t\t\t\t\t\t\t<img decoding=\"async\" width=\"1100\" height=\"1100\" src=\"https:\/\/www.jlcaberofotografia.com\/wp-content\/uploads\/2022\/02\/DSF7662prpq.jpg\" class=\"attachment-full size-full wp-image-419\" alt=\"\" srcset=\"https:\/\/www.jlcaberofotografia.com\/wp-content\/uploads\/2022\/02\/DSF7662prpq.jpg 1100w, https:\/\/www.jlcaberofotografia.com\/wp-content\/uploads\/2022\/02\/DSF7662prpq-300x300.jpg 300w, https:\/\/www.jlcaberofotografia.com\/wp-content\/uploads\/2022\/02\/DSF7662prpq-1024x1024.jpg 1024w, https:\/\/www.jlcaberofotografia.com\/wp-content\/uploads\/2022\/02\/DSF7662prpq-150x150.jpg 150w, https:\/\/www.jlcaberofotografia.com\/wp-content\/uploads\/2022\/02\/DSF7662prpq-768x768.jpg 768w, https:\/\/www.jlcaberofotografia.com\/wp-content\/uploads\/2022\/02\/DSF7662prpq-640x640.jpg 640w, https:\/\/www.jlcaberofotografia.com\/wp-content\/uploads\/2022\/02\/DSF7662prpq-50x50.jpg 50w\" sizes=\"(max-width: 1100px) 100vw, 1100px\" \/>\t\t\t\t\t\t\t\t\t\t\t<figcaption class=\"widget-image-caption wp-caption-text\">Druida Teatro<\/figcaption>\n\t\t\t\t\t\t\t\t\t\t<\/figure>\n\t\t\t\t\t\t\t<\/div>\n\t\t\t\t<\/div>\n\t\t\t\t\t<\/div>\n\t\t<\/div>\n\t\t\t\t\t<\/div>\n\t\t<\/section>\n\t\t\t\t\t<\/div>\n\t\t<\/div>\n\t\t\t\t\t<\/div>\n\t\t<\/section>\n\t\t\t\t<section class=\"elementor-section elementor-top-section elementor-element elementor-element-7db9ea7 elementor-section-full_width elementor-section-height-default elementor-section-height-default\" data-id=\"7db9ea7\" data-element_type=\"section\">\n\t\t\t\t\t\t<div class=\"elementor-container elementor-column-gap-default\">\n\t\t\t\t\t<div class=\"elementor-column elementor-col-100 elementor-top-column elementor-element elementor-element-59f2bda\" data-id=\"59f2bda\" data-element_type=\"column\">\n\t\t\t<div class=\"elementor-widget-wrap elementor-element-populated\">\n\t\t\t\t\t\t<section class=\"elementor-section elementor-inner-section elementor-element elementor-element-a568190 elementor-section-boxed elementor-section-height-default elementor-section-height-default\" data-id=\"a568190\" data-element_type=\"section\">\n\t\t\t\t\t\t<div class=\"elementor-container elementor-column-gap-default\">\n\t\t\t\t\t<div class=\"elementor-column elementor-col-33 elementor-inner-column elementor-element elementor-element-df08964\" data-id=\"df08964\" data-element_type=\"column\">\n\t\t\t<div class=\"elementor-widget-wrap elementor-element-populated\">\n\t\t\t\t\t\t<div class=\"elementor-element elementor-element-36f5dae elementor-widget__width-initial elementor-widget elementor-widget-image\" data-id=\"36f5dae\" data-element_type=\"widget\" data-widget_type=\"image.default\">\n\t\t\t\t<div class=\"elementor-widget-container\">\n\t\t\t\t\t\t\t\t\t\t<figure class=\"wp-caption\">\n\t\t\t\t\t\t\t\t\t\t<img loading=\"lazy\" decoding=\"async\" width=\"1024\" height=\"1024\" src=\"https:\/\/www.jlcaberofotografia.com\/wp-content\/uploads\/2024\/11\/DSCF0282_Storie-1024x1024.jpg\" class=\"attachment-large size-large wp-image-1207\" alt=\"\" srcset=\"https:\/\/www.jlcaberofotografia.com\/wp-content\/uploads\/2024\/11\/DSCF0282_Storie-1024x1024.jpg 1024w, https:\/\/www.jlcaberofotografia.com\/wp-content\/uploads\/2024\/11\/DSCF0282_Storie-300x300.jpg 300w, https:\/\/www.jlcaberofotografia.com\/wp-content\/uploads\/2024\/11\/DSCF0282_Storie-150x150.jpg 150w, https:\/\/www.jlcaberofotografia.com\/wp-content\/uploads\/2024\/11\/DSCF0282_Storie-768x768.jpg 768w, https:\/\/www.jlcaberofotografia.com\/wp-content\/uploads\/2024\/11\/DSCF0282_Storie.jpg 1500w\" sizes=\"(max-width: 1024px) 100vw, 1024px\" \/>\t\t\t\t\t\t\t\t\t\t\t<figcaption class=\"widget-image-caption wp-caption-text\">Compa\u00f1\u00eda j\u00f3ven FAEA<\/figcaption>\n\t\t\t\t\t\t\t\t\t\t<\/figure>\n\t\t\t\t\t\t\t<\/div>\n\t\t\t\t<\/div>\n\t\t\t\t\t<\/div>\n\t\t<\/div>\n\t\t\t\t<div class=\"elementor-column elementor-col-33 elementor-inner-column elementor-element elementor-element-296c4b4\" data-id=\"296c4b4\" data-element_type=\"column\">\n\t\t\t<div class=\"elementor-widget-wrap elementor-element-populated\">\n\t\t\t\t\t\t<div class=\"elementor-element elementor-element-740ab3a elementor-widget__width-initial elementor-widget elementor-widget-image\" data-id=\"740ab3a\" data-element_type=\"widget\" data-widget_type=\"image.default\">\n\t\t\t\t<div class=\"elementor-widget-container\">\n\t\t\t\t\t\t\t\t\t\t<figure class=\"wp-caption\">\n\t\t\t\t\t\t\t\t\t\t<img loading=\"lazy\" decoding=\"async\" width=\"1024\" height=\"1024\" src=\"https:\/\/www.jlcaberofotografia.com\/wp-content\/uploads\/2022\/02\/DSF1139prpqpq-1024x1024.jpg\" class=\"attachment-large size-large wp-image-393\" alt=\"\" srcset=\"https:\/\/www.jlcaberofotografia.com\/wp-content\/uploads\/2022\/02\/DSF1139prpqpq-1024x1024.jpg 1024w, https:\/\/www.jlcaberofotografia.com\/wp-content\/uploads\/2022\/02\/DSF1139prpqpq-300x300.jpg 300w, https:\/\/www.jlcaberofotografia.com\/wp-content\/uploads\/2022\/02\/DSF1139prpqpq-150x150.jpg 150w, https:\/\/www.jlcaberofotografia.com\/wp-content\/uploads\/2022\/02\/DSF1139prpqpq-768x768.jpg 768w, https:\/\/www.jlcaberofotografia.com\/wp-content\/uploads\/2022\/02\/DSF1139prpqpq-640x640.jpg 640w, https:\/\/www.jlcaberofotografia.com\/wp-content\/uploads\/2022\/02\/DSF1139prpqpq-50x50.jpg 50w, https:\/\/www.jlcaberofotografia.com\/wp-content\/uploads\/2022\/02\/DSF1139prpqpq.jpg 1100w\" sizes=\"(max-width: 1024px) 100vw, 1024px\" \/>\t\t\t\t\t\t\t\t\t\t\t<figcaption class=\"widget-image-caption wp-caption-text\">Tsunami<\/figcaption>\n\t\t\t\t\t\t\t\t\t\t<\/figure>\n\t\t\t\t\t\t\t<\/div>\n\t\t\t\t<\/div>\n\t\t\t\t\t<\/div>\n\t\t<\/div>\n\t\t\t\t<div class=\"elementor-column elementor-col-33 elementor-inner-column elementor-element elementor-element-57e2e79\" data-id=\"57e2e79\" data-element_type=\"column\">\n\t\t\t<div class=\"elementor-widget-wrap elementor-element-populated\">\n\t\t\t\t\t\t<div class=\"elementor-element elementor-element-426c3b3 elementor-widget__width-initial elementor-widget elementor-widget-image\" data-id=\"426c3b3\" data-element_type=\"widget\" data-widget_type=\"image.default\">\n\t\t\t\t<div class=\"elementor-widget-container\">\n\t\t\t\t\t\t\t\t\t\t<figure class=\"wp-caption\">\n\t\t\t\t\t\t\t\t\t\t<img loading=\"lazy\" decoding=\"async\" width=\"1024\" height=\"1024\" src=\"https:\/\/www.jlcaberofotografia.com\/wp-content\/uploads\/2023\/12\/DSF8519prpq-1024x1024.jpg\" class=\"attachment-large size-large wp-image-895\" alt=\"\" srcset=\"https:\/\/www.jlcaberofotografia.com\/wp-content\/uploads\/2023\/12\/DSF8519prpq-1024x1024.jpg 1024w, https:\/\/www.jlcaberofotografia.com\/wp-content\/uploads\/2023\/12\/DSF8519prpq-300x300.jpg 300w, https:\/\/www.jlcaberofotografia.com\/wp-content\/uploads\/2023\/12\/DSF8519prpq-150x150.jpg 150w, https:\/\/www.jlcaberofotografia.com\/wp-content\/uploads\/2023\/12\/DSF8519prpq-768x768.jpg 768w, https:\/\/www.jlcaberofotografia.com\/wp-content\/uploads\/2023\/12\/DSF8519prpq.jpg 1500w\" sizes=\"(max-width: 1024px) 100vw, 1024px\" \/>\t\t\t\t\t\t\t\t\t\t\t<figcaption class=\"widget-image-caption wp-caption-text\">13 Gatos<\/figcaption>\n\t\t\t\t\t\t\t\t\t\t<\/figure>\n\t\t\t\t\t\t\t<\/div>\n\t\t\t\t<\/div>\n\t\t\t\t\t<\/div>\n\t\t<\/div>\n\t\t\t\t\t<\/div>\n\t\t<\/section>\n\t\t\t\t\t<\/div>\n\t\t<\/div>\n\t\t\t\t\t<\/div>\n\t\t<\/section>\n\t\t\t\t<section class=\"elementor-section elementor-top-section elementor-element elementor-element-4bd77c1 elementor-section-boxed elementor-section-height-default elementor-section-height-default\" data-id=\"4bd77c1\" data-element_type=\"section\">\n\t\t\t\t\t\t<div class=\"elementor-container elementor-column-gap-default\">\n\t\t\t\t\t<div class=\"elementor-column elementor-col-100 elementor-top-column elementor-element elementor-element-0d07780\" data-id=\"0d07780\" data-element_type=\"column\">\n\t\t\t<div class=\"elementor-widget-wrap elementor-element-populated\">\n\t\t\t\t\t\t\t<\/div>\n\t\t<\/div>\n\t\t\t\t\t<\/div>\n\t\t<\/section>\n\t\t\t\t<section class=\"elementor-section elementor-top-section elementor-element elementor-element-0c8848d elementor-section-boxed elementor-section-height-default elementor-section-height-default\" data-id=\"0c8848d\" data-element_type=\"section\">\n\t\t\t\t\t\t<div class=\"elementor-container elementor-column-gap-default\">\n\t\t\t\t\t<div class=\"elementor-column elementor-col-100 elementor-top-column elementor-element elementor-element-cb95ef6\" data-id=\"cb95ef6\" data-element_type=\"column\">\n\t\t\t<div class=\"elementor-widget-wrap elementor-element-populated\">\n\t\t\t\t\t\t<section class=\"elementor-section elementor-inner-section elementor-element elementor-element-8b7aa49 elementor-section-boxed elementor-section-height-default elementor-section-height-default\" data-id=\"8b7aa49\" data-element_type=\"section\">\n\t\t\t\t\t\t<div class=\"elementor-container elementor-column-gap-default\">\n\t\t\t\t\t<div class=\"elementor-column elementor-col-50 elementor-inner-column elementor-element elementor-element-12ad66a\" data-id=\"12ad66a\" data-element_type=\"column\">\n\t\t\t<div class=\"elementor-widget-wrap elementor-element-populated\">\n\t\t\t\t\t\t<div class=\"elementor-element elementor-element-a2f58ff elementor-widget__width-initial elementor-widget elementor-widget-image\" data-id=\"a2f58ff\" data-element_type=\"widget\" data-widget_type=\"image.default\">\n\t\t\t\t<div class=\"elementor-widget-container\">\n\t\t\t\t\t\t\t\t\t\t<figure class=\"wp-caption\">\n\t\t\t\t\t\t\t\t\t\t<img loading=\"lazy\" decoding=\"async\" width=\"850\" height=\"372\" src=\"https:\/\/www.jlcaberofotografia.com\/wp-content\/uploads\/2024\/11\/29_Ladrillo_base_1896.jpg\" class=\"attachment-large size-large wp-image-1271\" alt=\"\" srcset=\"https:\/\/www.jlcaberofotografia.com\/wp-content\/uploads\/2024\/11\/29_Ladrillo_base_1896.jpg 850w, https:\/\/www.jlcaberofotografia.com\/wp-content\/uploads\/2024\/11\/29_Ladrillo_base_1896-300x131.jpg 300w, https:\/\/www.jlcaberofotografia.com\/wp-content\/uploads\/2024\/11\/29_Ladrillo_base_1896-768x336.jpg 768w\" sizes=\"(max-width: 850px) 100vw, 850px\" \/>\t\t\t\t\t\t\t\t\t\t\t<figcaption class=\"widget-image-caption wp-caption-text\">Los Carriles - El ocaso de un Ed\u00e9n<\/figcaption>\n\t\t\t\t\t\t\t\t\t\t<\/figure>\n\t\t\t\t\t\t\t<\/div>\n\t\t\t\t<\/div>\n\t\t\t\t\t<\/div>\n\t\t<\/div>\n\t\t\t\t<div class=\"elementor-column elementor-col-50 elementor-inner-column elementor-element elementor-element-425ba6c\" data-id=\"425ba6c\" data-element_type=\"column\">\n\t\t\t<div class=\"elementor-widget-wrap elementor-element-populated\">\n\t\t\t\t\t\t<div class=\"elementor-element elementor-element-6e83d4a elementor-widget elementor-widget-image\" data-id=\"6e83d4a\" data-element_type=\"widget\" data-widget_type=\"image.default\">\n\t\t\t\t<div class=\"elementor-widget-container\">\n\t\t\t\t\t\t\t\t\t\t<figure class=\"wp-caption\">\n\t\t\t\t\t\t\t\t\t\t<img loading=\"lazy\" decoding=\"async\" width=\"1024\" height=\"576\" src=\"https:\/\/www.jlcaberofotografia.com\/wp-content\/uploads\/2021\/12\/Mercado-de-San-Miguel_web-1024x576.jpg\" class=\"attachment-large size-large wp-image-52\" alt=\"\" srcset=\"https:\/\/www.jlcaberofotografia.com\/wp-content\/uploads\/2021\/12\/Mercado-de-San-Miguel_web-1024x576.jpg 1024w, https:\/\/www.jlcaberofotografia.com\/wp-content\/uploads\/2021\/12\/Mercado-de-San-Miguel_web-300x169.jpg 300w, https:\/\/www.jlcaberofotografia.com\/wp-content\/uploads\/2021\/12\/Mercado-de-San-Miguel_web-768x432.jpg 768w, https:\/\/www.jlcaberofotografia.com\/wp-content\/uploads\/2021\/12\/Mercado-de-San-Miguel_web-1536x864.jpg 1536w, https:\/\/www.jlcaberofotografia.com\/wp-content\/uploads\/2021\/12\/Mercado-de-San-Miguel_web-e1639223328994.jpg 1920w\" sizes=\"(max-width: 1024px) 100vw, 1024px\" \/>\t\t\t\t\t\t\t\t\t\t\t<figcaption class=\"widget-image-caption wp-caption-text\">Mercado de San Miguel<\/figcaption>\n\t\t\t\t\t\t\t\t\t\t<\/figure>\n\t\t\t\t\t\t\t<\/div>\n\t\t\t\t<\/div>\n\t\t\t\t\t<\/div>\n\t\t<\/div>\n\t\t\t\t\t<\/div>\n\t\t<\/section>\n\t\t\t\t<section class=\"elementor-section elementor-inner-section elementor-element elementor-element-62245a3 elementor-section-boxed elementor-section-height-default elementor-section-height-default\" data-id=\"62245a3\" data-element_type=\"section\">\n\t\t\t\t\t\t<div class=\"elementor-container elementor-column-gap-default\">\n\t\t\t\t\t<div class=\"elementor-column elementor-col-33 elementor-inner-column elementor-element elementor-element-712d407\" data-id=\"712d407\" data-element_type=\"column\">\n\t\t\t<div class=\"elementor-widget-wrap elementor-element-populated\">\n\t\t\t\t\t\t<div class=\"elementor-element elementor-element-25dc5a7 elementor-widget__width-initial elementor-widget elementor-widget-image\" data-id=\"25dc5a7\" data-element_type=\"widget\" data-widget_type=\"image.default\">\n\t\t\t\t<div class=\"elementor-widget-container\">\n\t\t\t\t\t\t\t\t\t\t<figure class=\"wp-caption\">\n\t\t\t\t\t\t\t\t\t\t<img loading=\"lazy\" decoding=\"async\" width=\"741\" height=\"521\" src=\"https:\/\/www.jlcaberofotografia.com\/wp-content\/uploads\/2024\/11\/portada1.jpg\" class=\"attachment-large size-large wp-image-1287\" alt=\"\" srcset=\"https:\/\/www.jlcaberofotografia.com\/wp-content\/uploads\/2024\/11\/portada1.jpg 741w, https:\/\/www.jlcaberofotografia.com\/wp-content\/uploads\/2024\/11\/portada1-300x211.jpg 300w\" sizes=\"(max-width: 741px) 100vw, 741px\" \/>\t\t\t\t\t\t\t\t\t\t\t<figcaption class=\"widget-image-caption wp-caption-text\">La luci\u00e9rnaga<\/figcaption>\n\t\t\t\t\t\t\t\t\t\t<\/figure>\n\t\t\t\t\t\t\t<\/div>\n\t\t\t\t<\/div>\n\t\t\t\t\t<\/div>\n\t\t<\/div>\n\t\t\t\t<div class=\"elementor-column elementor-col-33 elementor-inner-column elementor-element elementor-element-5f66ec8\" data-id=\"5f66ec8\" data-element_type=\"column\">\n\t\t\t<div class=\"elementor-widget-wrap elementor-element-populated\">\n\t\t\t\t\t\t<div class=\"elementor-element elementor-element-45832a1 elementor-widget__width-initial elementor-widget elementor-widget-image\" data-id=\"45832a1\" data-element_type=\"widget\" data-widget_type=\"image.default\">\n\t\t\t\t<div class=\"elementor-widget-container\">\n\t\t\t\t\t\t\t\t\t\t<figure class=\"wp-caption\">\n\t\t\t\t\t\t\t\t\t\t<img loading=\"lazy\" decoding=\"async\" width=\"1024\" height=\"1024\" src=\"https:\/\/www.jlcaberofotografia.com\/wp-content\/uploads\/2023\/12\/DSCF4001pq-1024x1024.jpg\" class=\"attachment-large size-large wp-image-919\" alt=\"\" srcset=\"https:\/\/www.jlcaberofotografia.com\/wp-content\/uploads\/2023\/12\/DSCF4001pq-1024x1024.jpg 1024w, https:\/\/www.jlcaberofotografia.com\/wp-content\/uploads\/2023\/12\/DSCF4001pq-300x300.jpg 300w, https:\/\/www.jlcaberofotografia.com\/wp-content\/uploads\/2023\/12\/DSCF4001pq-150x150.jpg 150w, https:\/\/www.jlcaberofotografia.com\/wp-content\/uploads\/2023\/12\/DSCF4001pq-768x768.jpg 768w, https:\/\/www.jlcaberofotografia.com\/wp-content\/uploads\/2023\/12\/DSCF4001pq.jpg 1500w\" sizes=\"(max-width: 1024px) 100vw, 1024px\" \/>\t\t\t\t\t\t\t\t\t\t\t<figcaption class=\"widget-image-caption wp-caption-text\">Tercer Acto<\/figcaption>\n\t\t\t\t\t\t\t\t\t\t<\/figure>\n\t\t\t\t\t\t\t<\/div>\n\t\t\t\t<\/div>\n\t\t\t\t\t<\/div>\n\t\t<\/div>\n\t\t\t\t<div class=\"elementor-column elementor-col-33 elementor-inner-column elementor-element elementor-element-3822961\" data-id=\"3822961\" data-element_type=\"column\">\n\t\t\t<div class=\"elementor-widget-wrap elementor-element-populated\">\n\t\t\t\t\t\t<div class=\"elementor-element elementor-element-6805cad elementor-widget__width-initial elementor-widget elementor-widget-image\" data-id=\"6805cad\" data-element_type=\"widget\" data-widget_type=\"image.default\">\n\t\t\t\t<div class=\"elementor-widget-container\">\n\t\t\t\t\t\t\t\t\t\t<figure class=\"wp-caption\">\n\t\t\t\t\t\t\t\t\t\t<img loading=\"lazy\" decoding=\"async\" width=\"1024\" height=\"683\" src=\"https:\/\/www.jlcaberofotografia.com\/wp-content\/uploads\/2023\/12\/Nueva_Vetonia__DSF2307prpq-1024x683.jpg\" class=\"attachment-large size-large wp-image-1005\" alt=\"\" srcset=\"https:\/\/www.jlcaberofotografia.com\/wp-content\/uploads\/2023\/12\/Nueva_Vetonia__DSF2307prpq-1024x683.jpg 1024w, https:\/\/www.jlcaberofotografia.com\/wp-content\/uploads\/2023\/12\/Nueva_Vetonia__DSF2307prpq-300x200.jpg 300w, https:\/\/www.jlcaberofotografia.com\/wp-content\/uploads\/2023\/12\/Nueva_Vetonia__DSF2307prpq-768x512.jpg 768w, https:\/\/www.jlcaberofotografia.com\/wp-content\/uploads\/2023\/12\/Nueva_Vetonia__DSF2307prpq.jpg 1500w\" sizes=\"(max-width: 1024px) 100vw, 1024px\" \/>\t\t\t\t\t\t\t\t\t\t\t<figcaption class=\"widget-image-caption wp-caption-text\">Nueva Vettonia<\/figcaption>\n\t\t\t\t\t\t\t\t\t\t<\/figure>\n\t\t\t\t\t\t\t<\/div>\n\t\t\t\t<\/div>\n\t\t\t\t\t<\/div>\n\t\t<\/div>\n\t\t\t\t\t<\/div>\n\t\t<\/section>\n\t\t\t\t\t<\/div>\n\t\t<\/div>\n\t\t\t\t\t<\/div>\n\t\t<\/section>\n\t\t\t\t<\/div>\n\t\t","protected":false},"excerpt":{"rendered":"<p>EMAD Madrid Cuento historias que importan, historias que deben ser contadas. Quiz\u00e1s sea tu historia la pr\u00f3cima que voy a contar. Ninguna historia es peque\u00f1a. Druida Teatro Compa\u00f1\u00eda j\u00f3ven FAEA Tsunami 13 Gatos Los Carriles &#8211; El ocaso de un Ed\u00e9n Mercado de San Miguel La luci\u00e9rnaga Tercer Acto Nueva Vettonia<\/p>\n","protected":false},"author":1,"featured_media":0,"parent":0,"menu_order":0,"comment_status":"open","ping_status":"closed","template":"","meta":{"footnotes":""},"class_list":["post-601","page","type-page","status-publish"],"_links":{"self":[{"href":"https:\/\/www.jlcaberofotografia.com\/index.php?rest_route=\/wp\/v2\/pages\/601","targetHints":{"allow":["GET"]}}],"collection":[{"href":"https:\/\/www.jlcaberofotografia.com\/index.php?rest_route=\/wp\/v2\/pages"}],"about":[{"href":"https:\/\/www.jlcaberofotografia.com\/index.php?rest_route=\/wp\/v2\/types\/page"}],"author":[{"embeddable":true,"href":"https:\/\/www.jlcaberofotografia.com\/index.php?rest_route=\/wp\/v2\/users\/1"}],"replies":[{"embeddable":true,"href":"https:\/\/www.jlcaberofotografia.com\/index.php?rest_route=%2Fwp%2Fv2%2Fcomments&post=601"}],"version-history":[{"count":67,"href":"https:\/\/www.jlcaberofotografia.com\/index.php?rest_route=\/wp\/v2\/pages\/601\/revisions"}],"predecessor-version":[{"id":1313,"href":"https:\/\/www.jlcaberofotografia.com\/index.php?rest_route=\/wp\/v2\/pages\/601\/revisions\/1313"}],"wp:attachment":[{"href":"https:\/\/www.jlcaberofotografia.com\/index.php?rest_route=%2Fwp%2Fv2%2Fmedia&parent=601"}],"curies":[{"name":"wp","href":"https:\/\/api.w.org\/{rel}","templated":true}]}}